{"id":2853,"date":"2017-02-09T14:50:07","date_gmt":"2017-02-09T19:50:07","guid":{"rendered":"https:\/\/janewoo.wpenginepowered.com\/?page_id=2853"},"modified":"2018-03-02T20:41:23","modified_gmt":"2018-03-02T20:41:23","slug":"vietnamese","status":"publish","type":"page","link":"https:\/\/janewoo.ca\/zh-hans\/vietnamese\/","title":{"rendered":"Vietnamese"},"content":{"rendered":"<div class=\"wpb-content-wrapper\"><p>[vc_row full_width=&#8221;stretch_row_content_no_spaces&#8221; content_placement=&#8221;middle&#8221; parallax=&#8221;content-moving&#8221; parallax_image=&#8221;3754&#8243;][vc_column width=&#8221;2\/3&#8243; css=&#8221;.vc_custom_1517416416601{margin-top: 200px !important;}&#8221;][vc_custom_heading text=&#8221;B\u1ea1n kh\u00f4ng \u0111\u01b0\u01a1ng \u0111\u1ea7u v\u1edbi th\u00e1ch th\u1ee9c n\u1ee3 n\u1ea7n m\u1ed9t m\u00ecnh&#8221; font_container=&#8221;tag:p|font_size:40|text_align:left|color:%23ffffff|line_height:1.2&#8243; use_theme_fonts=&#8221;yes&#8221;][\/vc_column][vc_column width=&#8221;1\/3&#8243; css=&#8221;.vc_custom_1513954515447{background-color: #0093d7 !important;border-radius: 4px !important;}&#8221;]\n<div class=\"wpcf7 no-js\" id=\"wpcf7-f4452-o1\" lang=\"zh-TW\" dir=\"ltr\" data-wpcf7-id=\"4452\">\n<div class=\"screen-reader-response\"><p role=\"status\" aria-live=\"polite\" aria-atomic=\"true\"><\/p> <ul><\/ul><\/div>\n<form action=\"\/zh-hans\/wp-json\/wp\/v2\/pages\/2853#wpcf7-f4452-o1\" method=\"post\" class=\"wpcf7-form init\" aria-label=\"\u806f\u7d61\u8868\u55ae\" novalidate=\"novalidate\" data-status=\"init\">\n<fieldset class=\"hidden-fields-container\"><input type=\"hidden\" name=\"_wpcf7\" value=\"4452\" \/><input type=\"hidden\" name=\"_wpcf7_version\" value=\"6.1.5\" \/><input type=\"hidden\" name=\"_wpcf7_locale\" value=\"zh_TW\" \/><input type=\"hidden\" name=\"_wpcf7_unit_tag\" value=\"wpcf7-f4452-o1\" \/><input type=\"hidden\" name=\"_wpcf7_container_post\" value=\"0\" \/><input type=\"hidden\" name=\"_wpcf7_posted_data_hash\" value=\"\" \/><input type=\"hidden\" name=\"_wpcf7_recaptcha_response\" value=\"\" \/>\n<\/fieldset>\n<p>H\u1ecd t\u00ean\n<\/p>\n<p><span class=\"wpcf7-form-control-wrap\" data-name=\"your-name\"><input size=\"40\" maxlength=\"20\" minlength=\"5\" class=\"wpcf7-form-control wpcf7-text wpcf7-validates-as-required\" aria-required=\"true\" aria-invalid=\"false\" value=\"\" type=\"text\" name=\"your-name\" \/><\/span>\n<\/p>\n<p>\u0110\u1ecba ch\u1ec9 email\n<\/p>\n<p><span class=\"wpcf7-form-control-wrap\" data-name=\"your-email\"><input size=\"40\" maxlength=\"400\" class=\"wpcf7-form-control wpcf7-email wpcf7-validates-as-required wpcf7-text wpcf7-validates-as-email\" aria-required=\"true\" aria-invalid=\"false\" value=\"\" type=\"email\" name=\"your-email\" \/><\/span>\n<\/p>\n<p>S\u1ed1 \u0111i\u1ec7n tho\u1ea1i\n<\/p>\n<p><span class=\"wpcf7-form-control-wrap\" data-name=\"tel-147\"><input size=\"40\" maxlength=\"400\" class=\"wpcf7-form-control wpcf7-tel wpcf7-validates-as-required wpcf7-text wpcf7-validates-as-tel\" aria-required=\"true\" aria-invalid=\"false\" value=\"\" type=\"tel\" name=\"tel-147\" \/><\/span>\n<\/p>\n<p><input type=\"hidden\" name=\"_wpcf7_captcha_challenge_captcha-1\" value=\"926633040\" \/><img loading=\"lazy\" decoding=\"async\" class=\"wpcf7-form-control wpcf7-captchac wpcf7-captcha-captcha-1\" width=\"72\" height=\"24\" alt=\"captcha\" src=\"https:\/\/janewoo.ca\/wp-content\/uploads\/wpcf7_captcha\/926633040.png\" \/><span class=\"wpcf7-form-control-wrap\" data-name=\"captcha-1\"><input size=\"40\" class=\"wpcf7-form-control wpcf7-captchar\" autocomplete=\"off\" aria-invalid=\"false\" value=\"\" type=\"text\" name=\"captcha-1\" \/><\/span><br \/>\n<input class=\"wpcf7-form-control wpcf7-hidden classcookie\" id=\"idcookie\" value=\"Web\" type=\"hidden\" name=\"cookie\" \/><br \/>\n\n<\/p>\n<p><input class=\"wpcf7-form-control wpcf7-submit has-spinner\" type=\"submit\" value=\"V\u00e2ng, t\u00f4i mu\u1ed1n \u0111\u01b0\u1ee3c tho\u00e1t n\u1ee3\" \/>\n<\/p><div class=\"wpcf7-response-output\" aria-hidden=\"true\"><\/div>\n<\/form>\n<\/div>\n[\/vc_column][\/vc_row][vc_row][vc_column][vc_column_text]<\/p>\n<h3 style=\"text-align: center;\"><strong>\u2022 Gi\u1ea3m n\u1ee3 l\u00ean \u0111\u1ebfn 70%<\/strong><br \/>\n<strong>\u2022 Gi\u1eef l\u1ea1i xe, nh\u00e0, v\u00e0 RRSPs<\/strong><br \/>\n<strong>\u2022 Ch\u1ea5m d\u1ee9t c\u00e1c cu\u1ed9c g\u1ecdi qu\u1ea5y r\u1ea7y t\u1eeb c\u00e1c ch\u1ee7 n\u1ee3 ngay l\u1eadp t\u1ee9c<\/strong><\/h3>\n<h4 style=\"text-align: center;\">T\u1ea5t c\u1ea3 th\u00f4ng tin \u0111\u01b0\u1ee3c gi\u1eef b\u00ed m\u1eadt<\/h4>\n<h4 style=\"text-align: center;\">60+ v\u0103n ph\u00f2ng\/ 40+ n\u0103m kinh nghi\u1ec7m<\/h4>\n<p>[\/vc_column_text][\/vc_column][\/vc_row][vc_row full_width=&#8221;stretch_row&#8221; parallax=&#8221;content-moving&#8221; parallax_image=&#8221;3761&#8243; css=&#8221;.vc_custom_1514908395367{margin-top: 100px !important;}&#8221;][vc_column width=&#8221;1\/2&#8243; css=&#8221;.vc_custom_1511193761193{margin-top: 100px !important;margin-bottom: 100px !important;}&#8221;][vc_custom_heading text=&#8221;N\u1ee3 $1, gi\u1ea3i ph\u00e1p 30 xu&#8221; font_container=&#8221;tag:h1|font_size:35|text_align:center|color:%23ffffff&#8221; use_theme_fonts=&#8221;yes&#8221; css=&#8221;.vc_custom_1517502577318{margin-right: 35px !important;margin-bottom: 0px !important;background-color: rgba(0,0,0,0.28) !important;*background-color: rgb(0,0,0) !important;}&#8221;][vc_cta h2=&#8221;&#8221; h4=&#8221;T\u1ea5t c\u1ea3 th\u00f4ng tin \u0111\u01b0\u1ee3c gi\u1eef b\u00ed m\u1eadt&#8221; txt_align=&#8221;center&#8221; btn_custom_text=&#8221;#ffffff&#8221; add_icon=&#8221;right&#8221; i_icon_fontawesome=&#8221;fa fa-volume-control-phone&#8221; i_color=&#8221;white&#8221; i_background_style=&#8221;rounded&#8221; i_background_color=&#8221;juicy_pink&#8221; i_size=&#8221;lg&#8221; css_animation=&#8221;fadeInUp&#8221; i_on_border=&#8221;true&#8221; custom_background=&#8221;rgba(0,0,0,0.48)&#8221; custom_text=&#8221;#ffffff&#8221;]<\/p>\n<h2><a class=\"telclass\" href=\"tel:18555752639\">1-855-575-2639<\/a><\/h2>\n<p>[\/vc_cta][\/vc_column][vc_column width=&#8221;1\/2&#8243; css=&#8221;.vc_custom_1509740526405{margin-top: 300px !important;}&#8221;][\/vc_column][\/vc_row][vc_row full_width=&#8221;stretch_row&#8221; css=&#8221;.vc_custom_1510692191753{background-color: #f5f5f5 !important;}&#8221;][vc_column width=&#8221;1\/2&#8243;][vc_single_image image=&#8221;3756&#8243; img_size=&#8221;full&#8221; alignment=&#8221;center&#8221; css=&#8221;.vc_custom_1513957001427{margin-bottom: 0px !important;}&#8221;][\/vc_column][vc_column width=&#8221;1\/2&#8243;][vc_column_text css=&#8221;.vc_custom_1517502884036{margin-top: 50px !important;}&#8221;]<\/p>\n<h3>V\u1ec1 Jane Woo<\/h3>\n<p>Jane Woo l\u00e0 m\u1ed9t \u0110\u1ed1i t\u00e1c v\u1edbi Farber Financial Group chuy\u00ean th\u1ee5 \u1ee7y th\u1ecfa thu\u1eadn n\u1ee3 v\u00e0 khai ph\u00e1 s\u1ea3n c\u00f3 gi\u1ea5y ph\u00e9p ch\u00ednh ph\u1ee7. C\u00f4 chuy\u00ean th\u1ee5 l\u00fd th\u1ecfa thu\u1eadn n\u1ee3 v\u00e0 khai ph\u00e1 s\u1ea3n cho c\u00e1c doanh nghi\u1ec7p t\u01b0 nh\u00e2n, doanh nghi\u1ec7p nh\u1ecf, v\u00e0 c\u00e1 nh\u00e2n. C\u00f4 c\u00f3 nhi\u1ec1u kinh nghi\u1ec7m th\u1ecfa thu\u1eadn v\u00e0 khai ph\u00e1 s\u1ea3n cho c\u1ea3 doanh nghi\u1ec7p v\u00e0 c\u00e1 nh\u00e2n.<\/p>\n<p>A Farber &amp; Partners Inc. v\u1edbi tr\u00ean 40 n\u0103m kinh nghi\u1ec7m v\u00e0 tr\u00ean 60 v\u0103n ph\u00f2ng kh\u1eafp Canada \u0111\u00e3 t\u1eebng gi\u00fap \u0111\u1ee1 tr\u00ean 50,000 ng\u01b0\u1eddi Canada tho\u00e1t kh\u1ecfi n\u1ee3. A Farber &amp; Partners chuy\u00ean v\u1ec1 ch\u01b0\u01a1ng tr\u00ecnh gi\u1ea3m n\u1ee3.<\/p>\n<h3>Ch\u00fang t\u00f4i c\u00f3 nh\u00e2n vi\u00ean n\u00f3i ti\u1ebfng Anh, Qu\u1ea3ng \u0110\u00f4ng, Quan Tho\u1ea1i<\/h3>\n<p>[\/vc_column_text][\/vc_column][\/vc_row][vc_row][vc_column css=&#8221;.vc_custom_1509724058347{margin-top: 0px !important;margin-bottom: 50px !important;}&#8221;][vc_video link=&#8221;https:\/\/youtu.be\/IfjRofCCBQw&#8221; css=&#8221;.vc_custom_1517332832635{margin-top: 0px !important;margin-right: 0px !important;margin-bottom: 0px !important;margin-left: 0px !important;}&#8221;][\/vc_column][\/vc_row][vc_row][vc_column][vc_column_text]<\/p>\n<div class=\"mp-row-fluid motopress-row\">\n<div class=\"mp-span12 motopress-clmn\">\n<div class=\"motopress-text-obj motopress-margin-top-50 motopress-margin-bottom-50\">\n<h2 style=\"text-align: center;\"><strong>S\u1ed1 \u0111i\u1ec7n tho\u1ea1i mi\u1ec5n ph\u00ed: 1855-575-2639<\/strong><\/h2>\n<h2 style=\"text-align: center;\"><strong>S\u1ed1 \u0111i\u1ec7n tho\u1ea1i Vancouver: 604-379-6562<\/strong><\/h2>\n<\/div>\n<\/div>\n<\/div>\n<p>[\/vc_column_text][\/vc_column][\/vc_row]<\/p>\n<\/div>","protected":false},"excerpt":{"rendered":"<p>[vc_row full_width=&#8221;stretch_row_content_no_s&#8230;<\/p>\n","protected":false},"author":2,"featured_media":0,"parent":0,"menu_order":0,"comment_status":"closed","ping_status":"closed","template":"template-fullwidth.php","meta":{"_acf_changed":false,"footnotes":""},"class_list":["post-2853","page","type-page","status-publish","hentry"],"acf":[],"yoast_head":"<!-- This site is optimized with the Yoast SEO Premium plugin v19.2 (Yoast SEO v27.0) - https:\/\/yoast.com\/product\/yoast-seo-premium-wordpress\/ -->\n<title>Vietnamese - Jane Woo \u80e1\u96ea\u8c9e<\/title>\n<meta name=\"robots\" content=\"index, follow, max-snippet:-1, max-image-preview:large, max-video-preview:-1\" \/>\n<link rel=\"canonical\" href=\"https:\/\/janewoo.ca\/vietnamese\/\" \/>\n<meta property=\"og:locale\" content=\"zh_CN\" \/>\n<meta property=\"og:type\" content=\"article\" \/>\n<meta property=\"og:title\" content=\"Vietnamese\" \/>\n<meta property=\"og:description\" content=\"[vc_row full_width=&#8221;stretch_row_content_no_s...\" \/>\n<meta property=\"og:url\" content=\"https:\/\/janewoo.ca\/vietnamese\/\" \/>\n<meta property=\"og:site_name\" content=\"Jane Woo \u80e1\u96ea\u8c9e\" \/>\n<meta property=\"article:modified_time\" content=\"2018-03-02T20:41:23+00:00\" \/>\n<meta name=\"twitter:card\" content=\"summary_large_image\" \/>\n<meta name=\"twitter:label1\" content=\"\u9884\u8ba1\u9605\u8bfb\u65f6\u95f4\" \/>\n\t<meta name=\"twitter:data1\" content=\"3 \u5206\" \/>\n<script type=\"application\/ld+json\" class=\"yoast-schema-graph\">{\"@context\":\"https:\/\/schema.org\",\"@graph\":[{\"@type\":\"WebPage\",\"@id\":\"https:\/\/janewoo.ca\/vietnamese\/\",\"url\":\"https:\/\/janewoo.ca\/vietnamese\/\",\"name\":\"Vietnamese - Jane Woo \u80e1\u96ea\u8c9e\",\"isPartOf\":{\"@id\":\"https:\/\/janewoo.ca\/#website\"},\"datePublished\":\"2017-02-09T19:50:07+00:00\",\"dateModified\":\"2018-03-02T20:41:23+00:00\",\"breadcrumb\":{\"@id\":\"https:\/\/janewoo.ca\/vietnamese\/#breadcrumb\"},\"inLanguage\":\"zh-Hans\",\"potentialAction\":[{\"@type\":\"ReadAction\",\"target\":[\"https:\/\/janewoo.ca\/vietnamese\/\"]}]},{\"@type\":\"BreadcrumbList\",\"@id\":\"https:\/\/janewoo.ca\/vietnamese\/#breadcrumb\",\"itemListElement\":[{\"@type\":\"ListItem\",\"position\":1,\"name\":\"Home\",\"item\":\"https:\/\/janewoo.ca\/zh-hans\/\"},{\"@type\":\"ListItem\",\"position\":2,\"name\":\"Vietnamese\"}]},{\"@type\":\"WebSite\",\"@id\":\"https:\/\/janewoo.ca\/#website\",\"url\":\"https:\/\/janewoo.ca\/\",\"name\":\"Jane Woo \u80e1\u96ea\u8c9e\",\"description\":\"\",\"potentialAction\":[{\"@type\":\"SearchAction\",\"target\":{\"@type\":\"EntryPoint\",\"urlTemplate\":\"https:\/\/janewoo.ca\/?s={search_term_string}\"},\"query-input\":{\"@type\":\"PropertyValueSpecification\",\"valueRequired\":true,\"valueName\":\"search_term_string\"}}],\"inLanguage\":\"zh-Hans\"}]}<\/script>\n<!-- \/ Yoast SEO Premium plugin. -->","yoast_head_json":{"title":"Vietnamese - Jane Woo \u80e1\u96ea\u8c9e","robots":{"index":"index","follow":"follow","max-snippet":"max-snippet:-1","max-image-preview":"max-image-preview:large","max-video-preview":"max-video-preview:-1"},"canonical":"https:\/\/janewoo.ca\/vietnamese\/","og_locale":"zh_CN","og_type":"article","og_title":"Vietnamese","og_description":"[vc_row full_width=&#8221;stretch_row_content_no_s...","og_url":"https:\/\/janewoo.ca\/vietnamese\/","og_site_name":"Jane Woo \u80e1\u96ea\u8c9e","article_modified_time":"2018-03-02T20:41:23+00:00","twitter_card":"summary_large_image","twitter_misc":{"\u9884\u8ba1\u9605\u8bfb\u65f6\u95f4":"3 \u5206"},"schema":{"@context":"https:\/\/schema.org","@graph":[{"@type":"WebPage","@id":"https:\/\/janewoo.ca\/vietnamese\/","url":"https:\/\/janewoo.ca\/vietnamese\/","name":"Vietnamese - Jane Woo \u80e1\u96ea\u8c9e","isPartOf":{"@id":"https:\/\/janewoo.ca\/#website"},"datePublished":"2017-02-09T19:50:07+00:00","dateModified":"2018-03-02T20:41:23+00:00","breadcrumb":{"@id":"https:\/\/janewoo.ca\/vietnamese\/#breadcrumb"},"inLanguage":"zh-Hans","potentialAction":[{"@type":"ReadAction","target":["https:\/\/janewoo.ca\/vietnamese\/"]}]},{"@type":"BreadcrumbList","@id":"https:\/\/janewoo.ca\/vietnamese\/#breadcrumb","itemListElement":[{"@type":"ListItem","position":1,"name":"Home","item":"https:\/\/janewoo.ca\/zh-hans\/"},{"@type":"ListItem","position":2,"name":"Vietnamese"}]},{"@type":"WebSite","@id":"https:\/\/janewoo.ca\/#website","url":"https:\/\/janewoo.ca\/","name":"Jane Woo \u80e1\u96ea\u8c9e","description":"","potentialAction":[{"@type":"SearchAction","target":{"@type":"EntryPoint","urlTemplate":"https:\/\/janewoo.ca\/?s={search_term_string}"},"query-input":{"@type":"PropertyValueSpecification","valueRequired":true,"valueName":"search_term_string"}}],"inLanguage":"zh-Hans"}]}},"_links":{"self":[{"href":"https:\/\/janewoo.ca\/zh-hans\/wp-json\/wp\/v2\/pages\/2853","targetHints":{"allow":["GET"]}}],"collection":[{"href":"https:\/\/janewoo.ca\/zh-hans\/wp-json\/wp\/v2\/pages"}],"about":[{"href":"https:\/\/janewoo.ca\/zh-hans\/wp-json\/wp\/v2\/types\/page"}],"author":[{"embeddable":true,"href":"https:\/\/janewoo.ca\/zh-hans\/wp-json\/wp\/v2\/users\/2"}],"replies":[{"embeddable":true,"href":"https:\/\/janewoo.ca\/zh-hans\/wp-json\/wp\/v2\/comments?post=2853"}],"version-history":[{"count":0,"href":"https:\/\/janewoo.ca\/zh-hans\/wp-json\/wp\/v2\/pages\/2853\/revisions"}],"wp:attachment":[{"href":"https:\/\/janewoo.ca\/zh-hans\/wp-json\/wp\/v2\/media?parent=2853"}],"curies":[{"name":"wp","href":"https:\/\/api.w.org\/{rel}","templated":true}]}}